{"id":32,"date":"2017-02-12T13:24:58","date_gmt":"2017-02-12T13:24:58","guid":{"rendered":"https:\/\/www.morbus-crohn-nok.de\/wp\/?page_id=32"},"modified":"2025-01-30T12:02:38","modified_gmt":"2025-01-30T12:02:38","slug":"links","status":"publish","type":"page","link":"https:\/\/www.morbus-crohn-nok.de\/wp\/?page_id=32","title":{"rendered":"Links"},"content":{"rendered":"<p>Hier bieten wir Ihnen Verlinkungen zu Webseiten mit weiteren Informationen, die Ihnen als Betroffener oder Angeh\u00f6riger hilfreich sein k\u00f6nnen.<\/p>\n<p><a href=\"http:\/\/www.dccv.de\" target=\"_blank\" rel=\"noopener noreferrer\"><img loading=\"lazy\" decoding=\"async\" class=\"alignnone size-medium wp-image-69\" src=\"https:\/\/www.morbus-crohn-nok.de\/wp\/wp-content\/uploads\/2017\/02\/dummy_dccv-300x102.png\" alt=\"DCCV - Dachverband\" width=\"300\" height=\"102\" srcset=\"https:\/\/www.morbus-crohn-nok.de\/wp\/wp-content\/uploads\/2017\/02\/dummy_dccv-300x102.png 300w, https:\/\/www.morbus-crohn-nok.de\/wp\/wp-content\/uploads\/2017\/02\/dummy_dccv-3x1.png 3w, https:\/\/www.morbus-crohn-nok.de\/wp\/wp-content\/uploads\/2017\/02\/dummy_dccv.png 544w\" sizes=\"auto, (max-width: 300px) 100vw, 300px\" \/><\/a><\/p>\n<p>Dachverband der Morbus Crohn \/ Colitis ulcerosa Vereinigung<br \/>\n<a href=\"http:\/\/www.dccv.de\" target=\"_blank\" rel=\"noopener noreferrer\">www.dccv.de<\/a><\/p>\n<p><div class=\"UnderLine\" style=\"margin-bottom:px;\"><span class=\"hr-style\"><\/span><\/div><br \/>\n<img loading=\"lazy\" decoding=\"async\" class=\"alignnone wp-image-315 size-full\" src=\"https:\/\/www.morbus-crohn-nok.de\/wp\/wp-content\/uploads\/2017\/02\/RBK_logo_web.jpg\" alt=\"\" width=\"226\" height=\"93\" \/><br \/>\nInterdisziplin\u00e4res Zentrum f\u00fcr chronisch-entz\u00fcndliche Darmerkrankungen am Robert-Bosch-Krankenhaus Stuttgart<br \/>\n<a href=\"http:\/\/www.rbk.de\/ced-zentrum\" target=\"_blank\" rel=\"noopener noreferrer\">www.rbk.de\/ced-zentrum<\/a><\/p>\n<div class=\"UnderLine\" style=\"margin-bottom:px;\"><span class=\"hr-style\"><\/span><\/div>\n<h3><strong><span style=\"color: #4b6ccc;\"><span style=\"color: #3f4a6b;\">Universit\u00e4tsklinikum<\/span> <span style=\"color: #b3c6ff;\">Heidelberg<\/span><\/span><\/strong><\/h3>\n<p>Spezialambulanz f\u00fcr Chronisch Entz\u00fcndliche Darmerkrankungen (CED)<br \/>\n<a href=\"https:\/\/www.klinikum.uni-heidelberg.de\/Ambulanz-fuer-chronisch-entzuendliche-Darmerkrankungen.102222.0.html\" target=\"_blank\" rel=\"noopener noreferrer\">Webseite &gt;<\/a><br \/>\n<div class=\"UnderLine\" style=\"margin-bottom:px;\"><span class=\"hr-style\"><\/span><\/div><\/p>\n<h3><span style=\"color: #808080;\"><strong>UMM <\/strong><\/span><span style=\"color: #000000;\">Universit\u00e4tmedizin Mannheim<\/span><\/h3>\n<p>Kompetenzzentrum f\u00fcr Chronisch Entz\u00fcndliche Darmerkrankungen (CED)<br \/>\n<a href=\"http:\/\/www.gastric.de\" target=\"_blank\" rel=\"noopener noreferrer\">www.gastric.de<\/a><br \/>\n<div class=\"UnderLine\" style=\"margin-bottom:px;\"><span class=\"hr-style\"><\/span><\/div><br \/>\n<img loading=\"lazy\" decoding=\"async\" class=\"wp-image-263 alignnone\" src=\"https:\/\/www.morbus-crohn-nok.de\/wp\/wp-content\/uploads\/2017\/02\/aok_logo-300x179.jpg\" alt=\"AOK \" width=\"169\" height=\"101\" srcset=\"https:\/\/www.morbus-crohn-nok.de\/wp\/wp-content\/uploads\/2017\/02\/aok_logo-300x179.jpg 300w, https:\/\/www.morbus-crohn-nok.de\/wp\/wp-content\/uploads\/2017\/02\/aok_logo-240x145.jpg 240w, https:\/\/www.morbus-crohn-nok.de\/wp\/wp-content\/uploads\/2017\/02\/aok_logo.jpg 500w\" sizes=\"auto, (max-width: 169px) 100vw, 169px\" \/><br \/>\nAOK &#8211; Die Krankenkasse unterst\u00fctzt mit der Projektf\u00f6rderung unsere Selbsthilfegruppe<br \/>\n<a href=\"https:\/\/bw.aok.de\/\" target=\"_blank\" rel=\"noopener noreferrer\">www.aok.de<\/a><\/p>\n<p style=\"text-align: left;\"><div class=\"UnderLine\" style=\"margin-bottom:px;\"><span class=\"hr-style\"><\/span><\/div><\/p>\n<p><img loading=\"lazy\" decoding=\"async\" class=\"alignnone wp-image-323\" src=\"https:\/\/www.morbus-crohn-nok.de\/wp\/wp-content\/uploads\/2017\/02\/praxis-helmstaedter-icon.png\" alt=\"\" width=\"81\" height=\"97\" \/><\/p>\n<p>Praxis Dr. med. Lars Helmst\u00e4dter\u00a0 |\u00a0 Gastroenterologie im Mathematikon<br \/>\nBerliner Str. 47, 69120 Heidelberg |\u00a0 Fon: 06221\/4279220\u00a0 | Fax: 06221\/4279221<br \/>\nMail: <a href=\"mailto:info@praxis-helmstaedter.de\">info@praxis-helmstaedter.de<\/a>\u00a0 | Web: <a href=\"http:\/\/www.praxis-helmstaedter.de\">www.praxis-helmstaedter.de<\/a><\/p>\n<div class=\"UnderLine\" style=\"margin-bottom:px;\"><span class=\"hr-style\"><\/span><\/div>\n<p><img loading=\"lazy\" decoding=\"async\" class=\"alignnone size-medium wp-image-327\" src=\"https:\/\/www.morbus-crohn-nok.de\/wp\/wp-content\/uploads\/2017\/02\/logo_ehehalt-300x75.png\" alt=\"\" width=\"300\" height=\"75\" srcset=\"https:\/\/www.morbus-crohn-nok.de\/wp\/wp-content\/uploads\/2017\/02\/logo_ehehalt-300x75.png 300w, https:\/\/www.morbus-crohn-nok.de\/wp\/wp-content\/uploads\/2017\/02\/logo_ehehalt.png 402w\" sizes=\"auto, (max-width: 300px) 100vw, 300px\" \/><br \/>\nProf.Dr.med Robert Ehehalt<br \/>\nBergheimerstra\u00dfe 59-61, R\u00fcckgeb\u00e4ude im Hof, 69115Heidelberg | Tel.: 06221 \/ 25346<br \/>\nMail: <a href=\"mailto:re@hd-gastro.de\">re@hd-gastro.de<\/a>\u00a0\u00a0 |\u00a0 <a href=\"http:\/\/www.hd-gastro.de\" target=\"_blank\" rel=\"noopener noreferrer\">www.hd-gastro.de<\/a><a href=\"mailto:re@hd-gastro.de\"><br \/>\n<\/a><div class=\"UnderLine\" style=\"margin-bottom:px;\"><span class=\"hr-style\"><\/span><\/div><\/p>\n","protected":false},"excerpt":{"rendered":"<p>Hier bieten wir Ihnen Verlinkungen zu Webseiten mit weiteren Informationen, die Ihnen als Betroffener oder Angeh\u00f6riger hilfreich sein k\u00f6nnen. Dachverband der Morbus Crohn \/ Colitis ulcerosa Vereinigung www.dccv.de Interdisziplin\u00e4res Zentrum f\u00fcr chronisch-entz\u00fcndliche Darmerkrankungen am Robert-Bosch-Krankenhaus Stuttgart www.rbk.de\/ced-zentrum Universit\u00e4tsklinikum Heidelberg Spezialambulanz f\u00fcr Chronisch Entz\u00fcndliche Darmerkrankungen (CED) Webseite &gt; UMM Universit\u00e4tmedizin Mannheim Kompetenzzentrum f\u00fcr Chronisch Entz\u00fcndliche Darmerkrankungen (CED) www.gastric.de AOK &#8211; Die Krankenkasse unterst\u00fctzt mit der Projektf\u00f6rderung unsere Selbsthilfegruppe www.aok.de Praxis Dr. med. Lars Helmst\u00e4dter\u00a0 |\u00a0 Gastroenterologie im Mathematikon Berliner Str. 47, 69120 Heidelberg |\u00a0 Fon: 06221\/4279220\u00a0 | Fax: 06221\/4279221 Mail: info@praxis-helmstaedter.de\u00a0 | Web: www.praxis-helmstaedter.de Prof.Dr.med Robert Ehehalt Bergheimerstra\u00dfe 59-61, R\u00fcckgeb\u00e4ude im&#8230; <\/p>\n","protected":false},"author":1,"featured_media":0,"parent":0,"menu_order":0,"comment_status":"closed","ping_status":"closed","template":"full-width.php","meta":{"footnotes":""},"class_list":["post-32","page","type-page","status-publish","hentry"],"_links":{"self":[{"href":"https:\/\/www.morbus-crohn-nok.de\/wp\/index.php?rest_route=\/wp\/v2\/pages\/32","targetHints":{"allow":["GET"]}}],"collection":[{"href":"https:\/\/www.morbus-crohn-nok.de\/wp\/index.php?rest_route=\/wp\/v2\/pages"}],"about":[{"href":"https:\/\/www.morbus-crohn-nok.de\/wp\/index.php?rest_route=\/wp\/v2\/types\/page"}],"author":[{"embeddable":true,"href":"https:\/\/www.morbus-crohn-nok.de\/wp\/index.php?rest_route=\/wp\/v2\/users\/1"}],"replies":[{"embeddable":true,"href":"https:\/\/www.morbus-crohn-nok.de\/wp\/index.php?rest_route=%2Fwp%2Fv2%2Fcomments&post=32"}],"version-history":[{"count":26,"href":"https:\/\/www.morbus-crohn-nok.de\/wp\/index.php?rest_route=\/wp\/v2\/pages\/32\/revisions"}],"predecessor-version":[{"id":382,"href":"https:\/\/www.morbus-crohn-nok.de\/wp\/index.php?rest_route=\/wp\/v2\/pages\/32\/revisions\/382"}],"wp:attachment":[{"href":"https:\/\/www.morbus-crohn-nok.de\/wp\/index.php?rest_route=%2Fwp%2Fv2%2Fmedia&parent=32"}],"curies":[{"name":"wp","href":"https:\/\/api.w.org\/{rel}","templated":true}]}}