{"id":28,"date":"2017-02-12T13:23:04","date_gmt":"2017-02-12T13:23:04","guid":{"rendered":"https:\/\/www.morbus-crohn-nok.de\/wp\/?page_id=28"},"modified":"2017-03-21T21:52:06","modified_gmt":"2017-03-21T21:52:06","slug":"was-tun-wir","status":"publish","type":"page","link":"https:\/\/www.morbus-crohn-nok.de\/wp\/?page_id=28","title":{"rendered":"Was tun wir?"},"content":{"rendered":"<h3><\/h3>\n<h3><span style=\"color: #dd9933;\">Wer wir sind &#8230;<\/span><\/h3>\n<p>Wir bestehen seit\u00a0 2009 und sind eine Gemeinschaft von Betroffenen, die ihre Treffen nach eigenen Vorstellungen und W\u00fcnschen selbst gestaltet.<\/p>\n<h3><span style=\"color: #dd9933;\">Wir bieten an &#8230;<\/span><\/h3>\n<ul>\n<li>Wege aus der Isolation durch Kontakte und Gespr\u00e4che mit anderen Betroffenen.<\/li>\n<\/ul>\n<ul>\n<li>Austausch \u00fcber pers\u00f6nlichen Erfahrungen mit \u00c4rzten, Kliniken, Reha-Einrichtungen, Medikamenten, Untersuchungen, etc.<\/li>\n<\/ul>\n<ul>\n<li>Vortr\u00e4ge von \u00c4rzten, Therapeuten, etc. \u00fcber spezielle Themen wie zum Beispiel Ern\u00e4hrung, Schulmedizin, Chirurgie, alternative Heilmethoden, Sozialrecht, etc.<\/li>\n<\/ul>\n<ul>\n<li>Wenn m\u00f6glich und gew\u00fcnscht besuchen wir auch Betroffene in Krankenh\u00e4usern.<\/li>\n<\/ul>\n<ul>\n<li>Mitwirkung bei Selbsthilfetagen und Veranstaltungen, auch \u00fcberregional.<\/li>\n<\/ul>\n<h3><span style=\"color: #dd9933;\">Au\u00dferdem &#8230;<br \/>\n<\/span><\/h3>\n<ul>\n<li>Wir helfen durch eine gezielte Aufkl\u00e4rungsarbeit, die nicht nur auf Fachwissen, sondern auch auf eigenen Erfahrungen beruht.<\/li>\n<\/ul>\n<ul>\n<li>Wir laden \u00c4rzte und Ern\u00e4hrungsberater zu Vortr\u00e4gen und Diskussionsrunden ein.<\/li>\n<\/ul>\n<ul>\n<li>Wir m\u00f6chten das Verh\u00e4ltnis zwischen Patienten, \u00c4rzten und Krankenkassen verbessern.<\/li>\n<\/ul>\n<ul>\n<li>Wir m\u00f6chten Ansprechpartner f\u00fcr alle Betroffenen sein, die Probleme haben und diese nicht alleine bew\u00e4ltigen k\u00f6nnen.<\/li>\n<\/ul>\n<ul>\n<li>Wir f\u00f6rdern die Selbstst\u00e4ndigkeit und Eigeninitiative von Erkrankten.<\/li>\n<\/ul>\n<ul>\n<li>Wir stehen den Betroffenen durch unsere Gemeinschaft zur Seite und f\u00f6rdern die sozialen und gesellschaftlichen Kontakte.<\/li>\n<\/ul>\n","protected":false},"excerpt":{"rendered":"<p>Wer wir sind &#8230; Wir bestehen seit\u00a0 2009 und sind eine Gemeinschaft von Betroffenen, die ihre Treffen nach eigenen Vorstellungen und W\u00fcnschen selbst gestaltet. Wir bieten an &#8230; Wege aus der Isolation durch Kontakte und Gespr\u00e4che mit anderen Betroffenen. Austausch \u00fcber pers\u00f6nlichen Erfahrungen mit \u00c4rzten, Kliniken, Reha-Einrichtungen, Medikamenten, Untersuchungen, etc. Vortr\u00e4ge von \u00c4rzten, Therapeuten, etc. \u00fcber spezielle Themen wie zum Beispiel Ern\u00e4hrung, Schulmedizin, Chirurgie, alternative Heilmethoden, Sozialrecht, etc. Wenn m\u00f6glich und gew\u00fcnscht besuchen wir auch Betroffene in Krankenh\u00e4usern. Mitwirkung bei Selbsthilfetagen und Veranstaltungen, auch \u00fcberregional. Au\u00dferdem &#8230; Wir helfen durch eine gezielte Aufkl\u00e4rungsarbeit, die nicht nur auf Fachwissen, sondern auch&#8230; <\/p>\n","protected":false},"author":1,"featured_media":0,"parent":0,"menu_order":0,"comment_status":"closed","ping_status":"closed","template":"full-width.php","meta":{"footnotes":""},"class_list":["post-28","page","type-page","status-publish","hentry"],"_links":{"self":[{"href":"https:\/\/www.morbus-crohn-nok.de\/wp\/index.php?rest_route=\/wp\/v2\/pages\/28","targetHints":{"allow":["GET"]}}],"collection":[{"href":"https:\/\/www.morbus-crohn-nok.de\/wp\/index.php?rest_route=\/wp\/v2\/pages"}],"about":[{"href":"https:\/\/www.morbus-crohn-nok.de\/wp\/index.php?rest_route=\/wp\/v2\/types\/page"}],"author":[{"embeddable":true,"href":"https:\/\/www.morbus-crohn-nok.de\/wp\/index.php?rest_route=\/wp\/v2\/users\/1"}],"replies":[{"embeddable":true,"href":"https:\/\/www.morbus-crohn-nok.de\/wp\/index.php?rest_route=%2Fwp%2Fv2%2Fcomments&post=28"}],"version-history":[{"count":14,"href":"https:\/\/www.morbus-crohn-nok.de\/wp\/index.php?rest_route=\/wp\/v2\/pages\/28\/revisions"}],"predecessor-version":[{"id":286,"href":"https:\/\/www.morbus-crohn-nok.de\/wp\/index.php?rest_route=\/wp\/v2\/pages\/28\/revisions\/286"}],"wp:attachment":[{"href":"https:\/\/www.morbus-crohn-nok.de\/wp\/index.php?rest_route=%2Fwp%2Fv2%2Fmedia&parent=28"}],"curies":[{"name":"wp","href":"https:\/\/api.w.org\/{rel}","templated":true}]}}