{"id":22,"date":"2017-02-12T13:18:11","date_gmt":"2017-02-12T13:18:11","guid":{"rendered":"https:\/\/www.morbus-crohn-nok.de\/wp\/?page_id=22"},"modified":"2017-03-21T21:50:59","modified_gmt":"2017-03-21T21:50:59","slug":"was-ist-morbus-crohn-und-colitis-ulcerosa","status":"publish","type":"page","link":"https:\/\/www.morbus-crohn-nok.de\/wp\/?page_id=22","title":{"rendered":"Was ist Morbus Crohn und Colitis ulcerosa?"},"content":{"rendered":"<div id=\"c837\" class=\"csc-default\">\n<div class=\"csc-header csc-header-n1\">\n<h2 class=\"csc-firstHeader\"><span style=\"color: #c97e0d;\">Was ist Morbus Crohn?<\/span><\/h2>\n<\/div>\n<div class=\"csc-textpic-text\">\n<p class=\"bodytext\">Beim <strong><dfn title=\"chronisch entz\u00fcndliche Erkrankung des Verdauungstraktes\">Morbus Crohn<\/dfn><\/strong> (Morbus = Krankheit, Crohn nach Burrill B. Crohn, er ver\u00f6ffentlichte die erste wissenschaftliche Beschreibung dieses Krankheitsbildes) handelt es sich um eine chronische (d.h. in der Regel lebensbegleitende), aber schubweise verlaufende Erkrankung. Die geschw\u00fcrige Entz\u00fcndung kann im Unterschied zur Colitis ulcerosa den gesamten Verdauungstrakt \u2013 von der Mundh\u00f6hle bis zum After \u2013 betreffen. Am h\u00e4ufigsten tritt der <dfn title=\"chronisch entz\u00fcndliche Erkrankung des Verdauungstraktes\">Morbus Crohn<\/dfn> im Bereich des \u201eterminalen Ileums\u201c, also des \u00dcbergangs vom D\u00fcnndarm in den Dickdarm auf.<\/p>\n<p>Zwei weitere Unterschiede zur <dfn title=\"chronisch entz\u00fcndliche Darmerkrankung, betrifft ausschlie\u00dflich die Schleimhaut des Dickdarmes\">Colitis ulcerosa<\/dfn> sind typisch f\u00fcr den <dfn title=\"chronisch entz\u00fcndliche Erkrankung des Verdauungstraktes\">Morbus Crohn<\/dfn>: Die Erkrankung breitet sich nicht kontinuierlich aus, sondern sie kann mehrere, nicht zusammenh\u00e4ngende Stellen des Verdauungstraktes befallen. Und au\u00dferdem erfasst sie nicht nur die oberste Schleimhautschicht, sondern sie kann alle Schichten der Darmwand betreffen.<\/p>\n<p>&nbsp;<\/p>\n<h2 class=\"bodytext\"><span style=\"color: #c97e0d;\">Was ist Colitis ulcerosa?<\/span><\/h2>\n<div id=\"c860\" class=\"csc-default\">\n<div class=\"csc-textpic-text\">\n<p class=\"bodytext\">Die <strong><dfn title=\"chronisch entz\u00fcndliche Darmerkrankung, betrifft ausschlie\u00dflich die Schleimhaut des Dickdarmes\">Colitis ulcerosa<\/dfn><\/strong> (engl. <em>Ulcerative colitis<\/em>) ist eine chronische, d.h. langdauernde\/lebensbegleitende, und meist in Sch\u00fcben verlaufende Erkrankung des Dickdarms. Sie verursacht Geschw\u00fcre (lat. <em>ulcera<\/em>, daher &#8222;ulcerosa&#8220; = geschw\u00fcrig) in der inneren Schleimhaut-Schicht des Kolons, wie der Dickdarm auch genannt wird (daher &#8222;colitis&#8220;: Entz\u00fcndung des <dfn title=\"Dickdarm (auch: Colon)\">Kolon<\/dfn>; das griechische <em>kappa<\/em> wird im Lateinischen meist als &#8222;c&#8220; wiedergegeben). Diese Entz\u00fcndung der Darmschleimhaut breitet sich am Mastdarm beginnend kontinuierlich unterschiedlich weit im Dickdarm aus. Am Anfang des Dickdarms oder am \u00dcbergang vom D\u00fcnndarm zum Dickdarm (&#8222;Backwash-Ileitis&#8220;) kommt die <dfn title=\"chronisch entz\u00fcndliche Darmerkrankung, betrifft ausschlie\u00dflich die Schleimhaut des Dickdarmes\">Colitis ulcerosa<\/dfn> zum Stillstand. Damit unterscheidet sich die <dfn title=\"chronisch entz\u00fcndliche Darmerkrankung, betrifft ausschlie\u00dflich die Schleimhaut des Dickdarmes\">Colitis ulcerosa<\/dfn> von der anderen h\u00e4ufigen <dfn title=\"sich langsam entwickelnd und lange andauernd\">chronisch<\/dfn> entz\u00fcndlichen Darmerkrankung (<dfn title=\"Abk. f\u00fcr Chronisch Entz\u00fcndliche Darmerkrankung(en)\">CED<\/dfn>), dem Morbus Crohn, der alle Bereiche des Verdauungstrakts befallen kann.<\/p>\n<p class=\"bodytext\">In Deutschland wird die Zahl der <dfn title=\"chronisch entz\u00fcndliche Darmerkrankung, betrifft ausschlie\u00dflich die Schleimhaut des Dickdarmes\">Colitis ulcerosa<\/dfn>-Patienten auf 168.000 gesch\u00e4tzt (einschlie\u00dflich der Patienten mit &#8222;<dfn title=\"Mastdarmentz\u00fcndung, Enddarmentz\u00fcndung\">Proktitis<\/dfn>&#8222;, s.u.). In einer Kleinstadt mit 10.000 Einwohnern leben deshalb vermutlich im Durchschnitt 20 Betroffene. M\u00e4nner und Frauen erkranken etwa gleich oft an <dfn title=\"chronisch entz\u00fcndliche Darmerkrankung, betrifft ausschlie\u00dflich die Schleimhaut des Dickdarmes\">Colitis ulcerosa<\/dfn> &#8211; und zwar h\u00e4ufig als junge Erwachsene, im Alter zwischen 25 und 35 Jahren. Doch kann grunds\u00e4tzlich jeder erkranken, auch Kleinkinder und \u00e4ltere Menschen.<\/p>\n<p class=\"bodytext\">Quelle: DCCV e.V. <a href=\"https:\/\/www.dccv.de\">www.dccv.de<\/a><\/p>\n<\/div>\n<\/div>\n<\/div>\n<\/div>\n","protected":false},"excerpt":{"rendered":"<p>Was ist Morbus Crohn? Beim Morbus Crohn (Morbus = Krankheit, Crohn nach Burrill B. Crohn, er ver\u00f6ffentlichte die erste wissenschaftliche Beschreibung dieses Krankheitsbildes) handelt es sich um eine chronische (d.h. in der Regel lebensbegleitende), aber schubweise verlaufende Erkrankung. Die geschw\u00fcrige Entz\u00fcndung kann im Unterschied zur Colitis ulcerosa den gesamten Verdauungstrakt \u2013 von der Mundh\u00f6hle bis zum After \u2013 betreffen. Am h\u00e4ufigsten tritt der Morbus Crohn im Bereich des \u201eterminalen Ileums\u201c, also des \u00dcbergangs vom D\u00fcnndarm in den Dickdarm auf. Zwei weitere Unterschiede zur Colitis ulcerosa sind typisch f\u00fcr den Morbus Crohn: Die Erkrankung breitet sich nicht kontinuierlich aus, sondern sie&#8230; <\/p>\n","protected":false},"author":1,"featured_media":0,"parent":0,"menu_order":0,"comment_status":"closed","ping_status":"closed","template":"full-width.php","meta":{"footnotes":""},"class_list":["post-22","page","type-page","status-publish","hentry"],"_links":{"self":[{"href":"https:\/\/www.morbus-crohn-nok.de\/wp\/index.php?rest_route=\/wp\/v2\/pages\/22","targetHints":{"allow":["GET"]}}],"collection":[{"href":"https:\/\/www.morbus-crohn-nok.de\/wp\/index.php?rest_route=\/wp\/v2\/pages"}],"about":[{"href":"https:\/\/www.morbus-crohn-nok.de\/wp\/index.php?rest_route=\/wp\/v2\/types\/page"}],"author":[{"embeddable":true,"href":"https:\/\/www.morbus-crohn-nok.de\/wp\/index.php?rest_route=\/wp\/v2\/users\/1"}],"replies":[{"embeddable":true,"href":"https:\/\/www.morbus-crohn-nok.de\/wp\/index.php?rest_route=%2Fwp%2Fv2%2Fcomments&post=22"}],"version-history":[{"count":9,"href":"https:\/\/www.morbus-crohn-nok.de\/wp\/index.php?rest_route=\/wp\/v2\/pages\/22\/revisions"}],"predecessor-version":[{"id":285,"href":"https:\/\/www.morbus-crohn-nok.de\/wp\/index.php?rest_route=\/wp\/v2\/pages\/22\/revisions\/285"}],"wp:attachment":[{"href":"https:\/\/www.morbus-crohn-nok.de\/wp\/index.php?rest_route=%2Fwp%2Fv2%2Fmedia&parent=22"}],"curies":[{"name":"wp","href":"https:\/\/api.w.org\/{rel}","templated":true}]}}