{"id":19,"date":"2017-02-12T13:25:52","date_gmt":"2017-02-12T13:25:52","guid":{"rendered":"https:\/\/www.morbus-crohn-nok.de\/wp\/?page_id=19"},"modified":"2017-03-19T15:51:31","modified_gmt":"2017-03-19T15:51:31","slug":"home","status":"publish","type":"page","link":"https:\/\/www.morbus-crohn-nok.de\/wp\/","title":{"rendered":"Home"},"content":{"rendered":"<h3><span style=\"color: #d9870d;\">Morbus Crohn &amp; Colitis ulcerosa Selbsthilfegruppe Neckar-Odenwald-Kreis<\/span><\/h3>\n<p>Wir sind eine Gruppe von Crohn-\/Colitis-Patienten und ihren Angeh\u00f6rigen.<\/p>\n<p>Wir treffen uns einmal im Montat ganz zwanglos um \u00fcber unsere Probleme zu sprechen. Mal kommen mehr, mal weniger, je nach Zeit und Lust oder momentaner gesundheitlicher Verfassung.<\/p>\n<p>Jeder noch unkundige Patient wird \u00fcber seine gegenw\u00e4rtig noch nicht heilbare Erkrankung aufgekl\u00e4rt, aber auch \u00fcber entsprechende Medikamente und ihre Nebenwirkungen. Die verschiedenen Begleiterkrankungen und der Behindertenstatus geh\u00f6ren auch dazu.<\/p>\n<p>Das Wichtigste bei unseren Treffen ist der Austausch pers\u00f6nlicher Erfahrungen, weil jeder anders auf die Krankheit selbst und die unterschiedlichen Behandlungsm\u00f6glichkeiten reagiert. Im \u00dcbrigen geht es bei uns recht locker zu, denn Lachen ist f\u00fcr uns die beste Medizin, vor allem f\u00fcr die vielleicht schon etwas gesch\u00e4digte Psyche.<\/p>\n<p>Auf den folgenden Seiten finden Sie Informationen \u00fcber uns und \u00fcber die Krankheit Morbus Crohn und Colitis ulcerosa. Gerne k\u00f6nnen Sie uns jederzeit kontaktieren oder auch einfach zu unseren monatlichen Treffen dazu sto\u00dfen. Wir freuen uns \u00fcber jeden Teilnehmer der mit uns Erfahrungen austauscht.<\/p>\n<h4><\/h4>\n<h3><span style=\"color: #d9870d;\">Sind Sie betroffen?<\/span><\/h3>\n<p><strong>M\u00f6chten Sie gerne mit anderen Betroffenen reden und Erfahrungen austauschen?<\/strong><\/p>\n<h3>\n<span style=\"color: #d9870d;\">&#8230; dann sollten sie zu uns kommen!<\/span><\/h3>\n","protected":false},"excerpt":{"rendered":"<p>Morbus Crohn &amp; Colitis ulcerosa Selbsthilfegruppe Neckar-Odenwald-Kreis Wir sind eine Gruppe von Crohn-\/Colitis-Patienten und ihren Angeh\u00f6rigen. Wir treffen uns einmal im Montat ganz zwanglos um \u00fcber unsere Probleme zu sprechen. Mal kommen mehr, mal weniger, je nach Zeit und Lust oder momentaner gesundheitlicher Verfassung. Jeder noch unkundige Patient wird \u00fcber seine gegenw\u00e4rtig noch nicht heilbare Erkrankung aufgekl\u00e4rt, aber auch \u00fcber entsprechende Medikamente und ihre Nebenwirkungen. Die verschiedenen Begleiterkrankungen und der Behindertenstatus geh\u00f6ren auch dazu. Das Wichtigste bei unseren Treffen ist der Austausch pers\u00f6nlicher Erfahrungen, weil jeder anders auf die Krankheit selbst und die unterschiedlichen Behandlungsm\u00f6glichkeiten reagiert. Im \u00dcbrigen geht es&#8230; <\/p>\n","protected":false},"author":1,"featured_media":0,"parent":0,"menu_order":0,"comment_status":"closed","ping_status":"closed","template":"","meta":{"footnotes":""},"class_list":["post-19","page","type-page","status-publish","hentry"],"_links":{"self":[{"href":"https:\/\/www.morbus-crohn-nok.de\/wp\/index.php?rest_route=\/wp\/v2\/pages\/19","targetHints":{"allow":["GET"]}}],"collection":[{"href":"https:\/\/www.morbus-crohn-nok.de\/wp\/index.php?rest_route=\/wp\/v2\/pages"}],"about":[{"href":"https:\/\/www.morbus-crohn-nok.de\/wp\/index.php?rest_route=\/wp\/v2\/types\/page"}],"author":[{"embeddable":true,"href":"https:\/\/www.morbus-crohn-nok.de\/wp\/index.php?rest_route=\/wp\/v2\/users\/1"}],"replies":[{"embeddable":true,"href":"https:\/\/www.morbus-crohn-nok.de\/wp\/index.php?rest_route=%2Fwp%2Fv2%2Fcomments&post=19"}],"version-history":[{"count":11,"href":"https:\/\/www.morbus-crohn-nok.de\/wp\/index.php?rest_route=\/wp\/v2\/pages\/19\/revisions"}],"predecessor-version":[{"id":207,"href":"https:\/\/www.morbus-crohn-nok.de\/wp\/index.php?rest_route=\/wp\/v2\/pages\/19\/revisions\/207"}],"wp:attachment":[{"href":"https:\/\/www.morbus-crohn-nok.de\/wp\/index.php?rest_route=%2Fwp%2Fv2%2Fmedia&parent=19"}],"curies":[{"name":"wp","href":"https:\/\/api.w.org\/{rel}","templated":true}]}}